{"id":5029,"date":"2022-10-04T07:34:09","date_gmt":"2022-10-04T07:34:09","guid":{"rendered":"https:\/\/sahinlerinsaat.com.tr\/index.php\/devam-eden-projeler\/"},"modified":"2022-11-07T05:47:15","modified_gmt":"2022-11-07T05:47:15","slug":"devam-eden-projeler","status":"publish","type":"page","link":"https:\/\/sahinlerinsaat.com.tr\/en\/devam-eden-projeler\/","title":{"rendered":"Ongoing Projects"},"content":{"rendered":"\t\t<div data-elementor-type=\"wp-page\" data-elementor-id=\"5029\" class=\"elementor elementor-5029\">\n\t\t\t\t\t\t\t\t\t<section class=\"elementor-section elementor-top-section elementor-element elementor-element-3fd6dd9 elementor-section-boxed elementor-section-height-default elementor-section-height-default\" data-id=\"3fd6dd9\" data-element_type=\"section\" data-settings=\"{&quot;background_background&quot;:&quot;classic&quot;}\">\n\t\t\t\t\t\t\t<div class=\"elementor-background-overlay\"><\/div>\n\t\t\t\t\t\t\t<div class=\"elementor-container elementor-column-gap-default\">\n\t\t\t\t\t<div class=\"elementor-column elementor-col-100 elementor-top-column elementor-element elementor-element-cf70ccd\" data-id=\"cf70ccd\" data-element_type=\"column\">\n\t\t\t<div class=\"elementor-widget-wrap elementor-element-populated\">\n\t\t\t\t\t\t\t\t<div class=\"elementor-element elementor-element-084a99f elementor-widget elementor-widget-heading\" data-id=\"084a99f\" data-element_type=\"widget\" data-widget_type=\"heading.default\">\n\t\t\t\t<div class=\"elementor-widget-container\">\n\t\t\t<style>\/*! elementor - v3.7.8 - 02-10-2022 *\/\n.elementor-heading-title{padding:0;margin:0;line-height:1}.elementor-widget-heading .elementor-heading-title[class*=elementor-size-]>a{color:inherit;font-size:inherit;line-height:inherit}.elementor-widget-heading .elementor-heading-title.elementor-size-small{font-size:15px}.elementor-widget-heading .elementor-heading-title.elementor-size-medium{font-size:19px}.elementor-widget-heading .elementor-heading-title.elementor-size-large{font-size:29px}.elementor-widget-heading .elementor-heading-title.elementor-size-xl{font-size:39px}.elementor-widget-heading .elementor-heading-title.elementor-size-xxl{font-size:59px}<\/style><h2 class=\"elementor-heading-title elementor-size-default\">On Going Projects<\/h2>\t\t<\/div>\n\t\t\t\t<\/div>\n\t\t\t\t\t<\/div>\n\t\t<\/div>\n\t\t\t\t\t\t\t<\/div>\n\t\t<\/section>\n\t\t\t\t<section class=\"elementor-section elementor-top-section elementor-element elementor-element-6452b47 elementor-section-boxed elementor-section-height-default elementor-section-height-default\" data-id=\"6452b47\" data-element_type=\"section\">\n\t\t\t\t\t\t<div class=\"elementor-container elementor-column-gap-custom\">\n\t\t\t\t\t<div class=\"elementor-column elementor-col-100 elementor-top-column elementor-element elementor-element-685f0d3\" data-id=\"685f0d3\" data-element_type=\"column\">\n\t\t\t<div class=\"elementor-widget-wrap elementor-element-populated\">\n\t\t\t\t\t\t\t\t<div class=\"elementor-element elementor-element-ea6f6d9 elementor-widget elementor-widget-dz-post-listing-5\" data-id=\"ea6f6d9\" data-element_type=\"widget\" data-widget_type=\"dz-post-listing-5.default\">\n\t\t\t\t<div class=\"elementor-widget-container\">\n\t\t\t<!-- Blog -->\n<section class=\"content-inner\" id=\"DZPostListingElement5\">\n  <div class=\"container\">\n        <div class=\"row\">\n            <!-- Side bar END -->\n      <!-- Left part start -->\n      <div class=\"col-xl-12 col-lg-12\" >\n        <div  class=\"row masonry\">\n        \t\n<div id=\"post-5997\" class=\"m-b30 col-lg-4 col-md-6 post-5997 post type-post status-publish format-standard has-post-thumbnail hentry category-ongoing-projects category-projects category-water-supplyand-sewer-line-works\">\n\t<div class=\"dz-card blog-grid style-3 aos-item\" data-aos=\"fade-up\" data-aos-duration=\"1000\" data-aos-delay=\"600\">\n\t\t\t\t\t<div class=\"dz-media\">\n\t\t\t\t<img loading=\"lazy\" decoding=\"async\" width=\"555\" height=\"400\" src=\"https:\/\/sahinlerinsaat.com.tr\/wp-content\/uploads\/2022\/09\/Manavgat-555x400.jpg\" class=\"attachment-mazo_555x400 size-mazo_555x400 wp-post-image\" alt=\"\" \/>\t\t\t<\/div>\n\t\t \n\t\t<div class=\"dz-info text-center\">\n\t\t\t<div class=\"dz-meta\">\n\t\t\t\t<ul>\n\t\t\t\t\t<li class=\"post-date\">\n\t\t\t\t\t\tOctober 19, 2022\t\t\t\t\t<\/li>\n\t\t\t\t<\/ul>\n\t\t\t<\/div>\n\t\t\t<h4 class=\"dz-title\">\n\t\t\t\t<a href=\"https:\/\/sahinlerinsaat.com.tr\/en\/asat3-w4-manavgat-bolgesinde-kanalizasyon-sebeke-hatti-insaati-isi-antalya-turkey\/\">\n\t\t\t\t\t\t\t\t\t\tASAT3 \/ W4 Manavgat Wastewater Collection System Construction Work (Antalya-Turkey) \n\t\t\t\t<\/a>\n\t\t\t<\/h5>\n\t\t\t<div class=\"dz-post-text text\">\n\t\t\t\t<p>\n\t\t\t\t\t\t\t\t\t<\/p>\n\t\t\t<\/div>\n\t\t\t<a href=\"https:\/\/sahinlerinsaat.com.tr\/en\/asat3-w4-manavgat-bolgesinde-kanalizasyon-sebeke-hatti-insaati-isi-antalya-turkey\/\" class=\"btn-link\"> Read More <i class=\"fas fa-arrow-right m-l5\"><\/i><\/a>\n\t\t<\/div>\n\t<\/div>\n<\/div>\n\t\t\n<div id=\"post-5996\" class=\"m-b30 col-lg-4 col-md-6 post-5996 post type-post status-publish format-standard has-post-thumbnail hentry category-ongoing-projects category-projects category-road-construction-projects\">\n\t<div class=\"dz-card blog-grid style-3 aos-item\" data-aos=\"fade-up\" data-aos-duration=\"1000\" data-aos-delay=\"800\">\n\t\t\t\t\t<div class=\"dz-media\">\n\t\t\t\t<img loading=\"lazy\" decoding=\"async\" width=\"540\" height=\"360\" src=\"https:\/\/sahinlerinsaat.com.tr\/wp-content\/uploads\/2022\/09\/57-5b52eb7537703.jpg\" class=\"attachment-mazo_555x400 size-mazo_555x400 wp-post-image\" alt=\"\" srcset=\"https:\/\/sahinlerinsaat.com.tr\/wp-content\/uploads\/2022\/09\/57-5b52eb7537703.jpg 540w, https:\/\/sahinlerinsaat.com.tr\/wp-content\/uploads\/2022\/09\/57-5b52eb7537703-300x200.jpg 300w\" sizes=\"auto, (max-width: 540px) 100vw, 540px\" \/>\t\t\t<\/div>\n\t\t \n\t\t<div class=\"dz-info text-center\">\n\t\t\t<div class=\"dz-meta\">\n\t\t\t\t<ul>\n\t\t\t\t\t<li class=\"post-date\">\n\t\t\t\t\t\tOctober 19, 2022\t\t\t\t\t<\/li>\n\t\t\t\t<\/ul>\n\t\t\t<\/div>\n\t\t\t<h4 class=\"dz-title\">\n\t\t\t\t<a href=\"https:\/\/sahinlerinsaat.com.tr\/en\/cizre-idil-kumcati-ve-kasrik-belediyelerinin-sehir-ici-yollarinin-yapimi-sirnak-turkey\/\">\n\t\t\t\t\t\t\t\t\t\tConstruction of Cizre, \u0130dil, Kum\u00e7at\u0131 and Kasrik Municipalities\u2019 City Roads (\u015e\u0131rnak-Turkey) \n\t\t\t\t<\/a>\n\t\t\t<\/h5>\n\t\t\t<div class=\"dz-post-text text\">\n\t\t\t\t<p>\n\t\t\t\t\t\t\t\t\t<\/p>\n\t\t\t<\/div>\n\t\t\t<a href=\"https:\/\/sahinlerinsaat.com.tr\/en\/cizre-idil-kumcati-ve-kasrik-belediyelerinin-sehir-ici-yollarinin-yapimi-sirnak-turkey\/\" class=\"btn-link\"> Read More <i class=\"fas fa-arrow-right m-l5\"><\/i><\/a>\n\t\t<\/div>\n\t<\/div>\n<\/div>\n\t\t\n<div id=\"post-6358\" class=\"m-b30 col-lg-4 col-md-6 post-6358 post type-post status-publish format-standard has-post-thumbnail hentry category-ongoing-projects category-projects category-superstructure-projects\">\n\t<div class=\"dz-card blog-grid style-3 aos-item\" data-aos=\"fade-up\" data-aos-duration=\"1000\" data-aos-delay=\"1000\">\n\t\t\t\t\t<div class=\"dz-media\">\n\t\t\t\t<img loading=\"lazy\" decoding=\"async\" width=\"555\" height=\"296\" src=\"https:\/\/sahinlerinsaat.com.tr\/wp-content\/uploads\/2024\/10\/Midyat-Konut-555x296.jpg\" class=\"attachment-mazo_555x400 size-mazo_555x400 wp-post-image\" alt=\"\" \/>\t\t\t<\/div>\n\t\t \n\t\t<div class=\"dz-info text-center\">\n\t\t\t<div class=\"dz-meta\">\n\t\t\t\t<ul>\n\t\t\t\t\t<li class=\"post-date\">\n\t\t\t\t\t\tOctober 25, 2024\t\t\t\t\t<\/li>\n\t\t\t\t<\/ul>\n\t\t\t<\/div>\n\t\t\t<h4 class=\"dz-title\">\n\t\t\t\t<a href=\"https:\/\/sahinlerinsaat.com.tr\/en\/residential-building-construction-in-midyat\/\">\n\t\t\t\t\t\t\t\t\t\tResidential Building Construction in Midyat \n\t\t\t\t<\/a>\n\t\t\t<\/h5>\n\t\t\t<div class=\"dz-post-text text\">\n\t\t\t\t<p>\n\t\t\t\t\t\t\t\t\t<\/p>\n\t\t\t<\/div>\n\t\t\t<a href=\"https:\/\/sahinlerinsaat.com.tr\/en\/residential-building-construction-in-midyat\/\" class=\"btn-link\"> Read More <i class=\"fas fa-arrow-right m-l5\"><\/i><\/a>\n\t\t<\/div>\n\t<\/div>\n<\/div>\n\t\t\n<div id=\"post-5994\" class=\"m-b30 col-lg-4 col-md-6 post-5994 post type-post status-publish format-standard has-post-thumbnail hentry category-marine-structures category-ongoing-projects category-projects\">\n\t<div class=\"dz-card blog-grid style-3 aos-item\" data-aos=\"fade-up\" data-aos-duration=\"1000\" data-aos-delay=\"1200\">\n\t\t\t\t\t<div class=\"dz-media\">\n\t\t\t\t<img loading=\"lazy\" decoding=\"async\" width=\"555\" height=\"400\" src=\"https:\/\/sahinlerinsaat.com.tr\/wp-content\/uploads\/2022\/09\/Tarlaagzi-2-555x400.jpg\" class=\"attachment-mazo_555x400 size-mazo_555x400 wp-post-image\" alt=\"\" \/>\t\t\t<\/div>\n\t\t \n\t\t<div class=\"dz-info text-center\">\n\t\t\t<div class=\"dz-meta\">\n\t\t\t\t<ul>\n\t\t\t\t\t<li class=\"post-date\">\n\t\t\t\t\t\tOctober 19, 2022\t\t\t\t\t<\/li>\n\t\t\t\t<\/ul>\n\t\t\t<\/div>\n\t\t\t<h4 class=\"dz-title\">\n\t\t\t\t<a href=\"https:\/\/sahinlerinsaat.com.tr\/en\/tarlaagzi-balikci-barinagi-onarim-insaati-bartin-turkey\/\">\n\t\t\t\t\t\t\t\t\t\tTarlaa\u011fz\u0131 Fishermen\u2019s Shelter Repair Construction (Bart\u0131n-Turkey) \n\t\t\t\t<\/a>\n\t\t\t<\/h5>\n\t\t\t<div class=\"dz-post-text text\">\n\t\t\t\t<p>\n\t\t\t\t\t\t\t\t\t<\/p>\n\t\t\t<\/div>\n\t\t\t<a href=\"https:\/\/sahinlerinsaat.com.tr\/en\/tarlaagzi-balikci-barinagi-onarim-insaati-bartin-turkey\/\" class=\"btn-link\"> Read More <i class=\"fas fa-arrow-right m-l5\"><\/i><\/a>\n\t\t<\/div>\n\t<\/div>\n<\/div>\n\t        <\/div>\n      \t\t\t<\/div>\n          <\/div>\n  <\/div>\n<\/section>\n\t\t<\/div>\n\t\t\t\t<\/div>\n\t\t\t\t\t<\/div>\n\t\t<\/div>\n\t\t\t\t\t\t\t<\/div>\n\t\t<\/section>\n\t\t\t\t\t\t\t<\/div>\n\t\t","protected":false},"excerpt":{"rendered":"<p>On Going Projects Ekim 19, 2022 Amasra Liman\u0131 Mendirek Onar\u0131m \u0130n\u015faat\u0131 (Bart\u0131n \u2013 T\u00fcrkiye) Devam\u0131n\u0131 Oku Ekim 19, 2022 ASAT3 \/ W4 Manavgat B\u00f6lgesinde Kanalizasyon \u015eebeke Hatt\u0131 \u0130n\u015faat\u0131 \u0130\u015fi (Antalya-T\u00fcrkiye) Devam\u0131n\u0131 Oku Ekim 19, 2022 Cizre, \u0130dil, Kum\u00e7at\u0131 ve Kasrik Belediyelerinin \u015eehir \u0130\u00e7i Yollar\u0131n\u0131n Yap\u0131m\u0131 (\u015e\u0131rnak &#038; T\u00fcrkiye) Devam\u0131n\u0131 Oku Ekim 19, 2022 Karab\u00fck Yenice <\/p>\n","protected":false},"author":1,"featured_media":0,"parent":0,"menu_order":0,"comment_status":"closed","ping_status":"closed","template":"mazo_homepage.php","meta":{"footnotes":""},"class_list":["post-5029","page","type-page","status-publish","hentry"],"_links":{"self":[{"href":"https:\/\/sahinlerinsaat.com.tr\/en\/wp-json\/wp\/v2\/pages\/5029","targetHints":{"allow":["GET"]}}],"collection":[{"href":"https:\/\/sahinlerinsaat.com.tr\/en\/wp-json\/wp\/v2\/pages"}],"about":[{"href":"https:\/\/sahinlerinsaat.com.tr\/en\/wp-json\/wp\/v2\/types\/page"}],"author":[{"embeddable":true,"href":"https:\/\/sahinlerinsaat.com.tr\/en\/wp-json\/wp\/v2\/users\/1"}],"replies":[{"embeddable":true,"href":"https:\/\/sahinlerinsaat.com.tr\/en\/wp-json\/wp\/v2\/comments?post=5029"}],"version-history":[{"count":61,"href":"https:\/\/sahinlerinsaat.com.tr\/en\/wp-json\/wp\/v2\/pages\/5029\/revisions"}],"predecessor-version":[{"id":6250,"href":"https:\/\/sahinlerinsaat.com.tr\/en\/wp-json\/wp\/v2\/pages\/5029\/revisions\/6250"}],"wp:attachment":[{"href":"https:\/\/sahinlerinsaat.com.tr\/en\/wp-json\/wp\/v2\/media?parent=5029"}],"curies":[{"name":"wp","href":"https:\/\/api.w.org\/{rel}","templated":true}]}}